{"id":14468,"date":"2014-03-28T10:11:36","date_gmt":"2014-03-28T10:11:36","guid":{"rendered":"http:\/\/demo.qodeinteractive.com\/bridge\/?page_id=14468"},"modified":"2026-03-29T15:19:06","modified_gmt":"2026-03-29T13:19:06","slug":"tante-sophie-mode-wohnen-schoenes","status":"publish","type":"page","link":"https:\/\/Tante-Sophie-SPO.de\/","title":{"rendered":"Home"},"content":{"rendered":"<section class=\"wpb-content-wrapper\"><p>[vc_row css_animation=&#8220;&#8220; row_type=&#8220;row&#8220; use_row_as_full_screen_section=&#8220;no&#8220; type=&#8220;grid&#8220; angled_section=&#8220;no&#8220; text_align=&#8220;left&#8220; background_image_as_pattern=&#8220;without_pattern&#8220; padding_top=&#8220;87&#8243; padding_bottom=&#8220;34&#8243; background_color=&#8220;#ffffff&#8220; css=&#8220;.vc_custom_1708353267883{background-color: #e6f2d7 !important;}&#8220; z_index=&#8220;&#8220;][vc_column css=&#8220;.vc_custom_1708353289067{background-color: #e6f2d7 !important;}&#8220;][vc_column_text]<\/p>\n<h2 style=\"text-align: center;\"><span style=\"color: #9e7349;\">Willkommen bei Tante Sophie<br \/>\n<\/span><\/h2>\n<p>&nbsp;<\/p>\n<h3 style=\"text-align: center;\"><span style=\"color: #9e7349;\">Reinkommen, verweilen und mit einem guten Gef\u00fchl das Gesch\u00e4ft wieder verlassen &#8211; das ist mein gr\u00f6\u00dfter Wunsch f\u00fcr meine Kunden. In meinem Concept Store ist jedes St\u00fcck liebevoll ausgesucht, farblich passend dekoriert und immer ein bisschen besonders. Meine Modelabels sind alles andere als Mainstream und entweder nachhaltig oder zu fairen Bedingungen hergestellt.<\/span><\/h3>\n<p>[\/vc_column_text][vc_separator type=&#8220;small&#8220; position=&#8220;center&#8220; down=&#8220;38&#8243; up=&#8220;7&#8243;][vc_separator type=&#8220;transparent&#8220; up=&#8220;35&#8243; down=&#8220;22&#8243;][vc_separator type=&#8220;transparent&#8220; up=&#8220;-35&#8243; down=&#8220;0&#8243;][vc_gallery type=&#8220;image_grid&#8220; images=&#8220;15503,15504,15510,15511&#8243; img_size=&#8220;600&#215;600&#8243; column_number=&#8220;2&#8243; grayscale=&#8220;no&#8220; images_space=&#8220;gallery_with_space&#8220;][\/vc_column][\/vc_row][vc_row css_animation=&#8220;&#8220; row_type=&#8220;row&#8220; use_row_as_full_screen_section=&#8220;no&#8220; type=&#8220;grid&#8220; angled_section=&#8220;no&#8220; text_align=&#8220;left&#8220; background_image_as_pattern=&#8220;without_pattern&#8220; padding_top=&#8220;52&#8243; padding_bottom=&#8220;0&#8243; anchor=&#8220;portfolio&#8220; css=&#8220;.vc_custom_1708354250084{background-color: rgba(115,163,99,0.33) !important;*background-color: rgb(115,163,99) !important;}&#8220; z_index=&#8220;&#8220;][vc_column][vc_row_inner row_type=&#8220;row&#8220; type=&#8220;full_width&#8220; text_align=&#8220;left&#8220; css_animation=&#8220;&#8220;][vc_column_inner][vc_column_text]<\/p>\n<h2 style=\"text-align: center;\"><span style=\"color: #4c754e;\">Unsere Hersteller<\/span><\/h2>\n<p>[\/vc_column_text][vc_empty_space height=&#8220;52px&#8220;][\/vc_column_inner][\/vc_row_inner][vc_column_text][\/vc_column_text][vc_row_inner row_type=&#8220;row&#8220; type=&#8220;full_width&#8220; text_align=&#8220;left&#8220; css_animation=&#8220;&#8220;][vc_column_inner][\/vc_column_inner][\/vc_row_inner][vc_separator type=&#8220;normal&#8220;][vc_empty_space][\/vc_column][\/vc_row][vc_row css_animation=&#8220;&#8220; row_type=&#8220;row&#8220; use_row_as_full_screen_section=&#8220;no&#8220; type=&#8220;full_width&#8220; angled_section=&#8220;no&#8220; text_align=&#8220;left&#8220; background_image_as_pattern=&#8220;without_pattern&#8220; anchor=&#8220;gallery&#8220; css=&#8220;.vc_custom_1708353461842{padding-right: 50px !important;padding-left: 50px !important;background-color: rgba(115,163,99,0.33) !important;*background-color: rgb(115,163,99) !important;}&#8220; z_index=&#8220;&#8220;][vc_column width=&#8220;1\/4&#8243;][vc_column_text]<\/p>\n<h5 style=\"text-align: center;\"><span style=\"color: #6b8574;\">White Label<\/span><\/h5>\n<h5 style=\"text-align: center;\"><span style=\"color: #6b8574;\">Cotton Candy<\/span><\/h5>\n<h5 style=\"text-align: center;\"><span style=\"color: #6b8574;\">Silk Sisters<\/span><\/h5>\n<h5 style=\"text-align: center;\"><span style=\"color: #6b8574;\">10 Days<\/span><\/h5>\n<p>[\/vc_column_text][vc_empty_space][\/vc_column][vc_column width=&#8220;1\/4&#8243;][vc_column_text]<\/p>\n<h5 style=\"text-align: center;\"><span style=\"color: #6b8574;\">Jott<\/span><\/h5>\n<h5 style=\"text-align: center;\"><span style=\"color: #6b8574;\">JC Sophie<\/span><\/h5>\n<h5 style=\"text-align: center;\"><span style=\"color: #6b8574;\">Live Joy Victory<\/span><\/h5>\n<h5 style=\"text-align: center;\"><span style=\"color: #6b8574;\">Gold Garn<\/span><\/h5>\n<p>[\/vc_column_text][vc_empty_space][\/vc_column][vc_column width=&#8220;1\/4&#8243;][vc_column_text]<\/p>\n<h5 style=\"text-align: center;\"><span style=\"color: #6b8574;\">Delicate Love<\/span><\/h5>\n<h5 style=\"text-align: center;\"><span style=\"color: #6b8574;\">Cat Noir<\/span><\/h5>\n<h5 style=\"text-align: center;\"><span style=\"color: #6b8574;\">Grace<\/span><\/h5>\n<h5 style=\"text-align: center;\"><span style=\"color: #6b8574;\">Silver jeans<\/span><\/h5>\n<p>[\/vc_column_text][vc_empty_space][\/vc_column][vc_column width=&#8220;1\/4&#8243;][vc_column_text]<\/p>\n<h5 style=\"text-align: center;\"><span style=\"color: #6b8574;\">Fiona<\/span><\/h5>\n<h5 style=\"text-align: center;\"><span style=\"color: #6b8574;\">La Fee Maraboutee<\/span><\/h5>\n<h5 style=\"text-align: center;\"><span style=\"color: #6b8574;\">Yippie Hippie<\/span><\/h5>\n<h5 style=\"text-align: center;\"><span style=\"color: #6b8574;\">Harms Jopp<\/span><\/h5>\n<p>[\/vc_column_text][vc_empty_space][\/vc_column][\/vc_row][vc_row css_animation=&#8220;&#8220; row_type=&#8220;row&#8220; use_row_as_full_screen_section=&#8220;no&#8220; type=&#8220;full_width&#8220; angled_section=&#8220;no&#8220; text_align=&#8220;left&#8220; background_image_as_pattern=&#8220;without_pattern&#8220; anchor=&#8220;gallery&#8220; css=&#8220;.vc_custom_1708353483785{background-color: rgba(115,163,99,0.33) !important;*background-color: rgb(115,163,99) !important;}&#8220; z_index=&#8220;&#8220;][vc_column width=&#8220;1\/4&#8243;][vc_column_text]<\/p>\n<h5 style=\"text-align: center;\"><span style=\"color: #6b8574;\">Pip Studio<br \/>\n<\/span><\/h5>\n<h5 style=\"text-align: center;\"><span style=\"color: #6b8574;\">Ib Laursen<br \/>\n<\/span><\/h5>\n<h5 style=\"text-align: center;\"><\/h5>\n<p>[\/vc_column_text][vc_empty_space][\/vc_column][vc_column width=&#8220;1\/4&#8243;][vc_column_text]<\/p>\n<h5 style=\"text-align: center;\"><span style=\"color: #fff0f0;\"><span style=\"color: #6b8574;\">Trademark<\/span><br \/>\n<\/span><\/h5>\n<h5 style=\"text-align: center;\"><\/h5>\n<p>[\/vc_column_text][vc_empty_space][\/vc_column][vc_column width=&#8220;1\/4&#8243;][vc_column_text]<\/p>\n<h5 style=\"text-align: center;\"><span style=\"color: #6b8574;\">R\u00e4der<\/span><\/h5>\n<h5 style=\"text-align: center;\"><\/h5>\n<p>[\/vc_column_text][vc_empty_space][\/vc_column][vc_column width=&#8220;1\/4&#8243;][vc_column_text]<\/p>\n<h5 style=\"text-align: center;\"><span style=\"color: #6b8574;\">Werner Voss<\/span><\/h5>\n<h5 style=\"text-align: center;\"><\/h5>\n<p>[\/vc_column_text][vc_empty_space][\/vc_column][\/vc_row][vc_row css_animation=&#8220;&#8220; row_type=&#8220;row&#8220; use_row_as_full_screen_section=&#8220;no&#8220; type=&#8220;full_width&#8220; angled_section=&#8220;no&#8220; text_align=&#8220;left&#8220; background_image_as_pattern=&#8220;without_pattern&#8220; anchor=&#8220;gallery&#8220; css=&#8220;.vc_custom_1708354222935{padding-right: 50px !important;padding-left: 50px !important;background-color: rgba(115,163,99,0.33) !important;*background-color: rgb(115,163,99) !important;}&#8220; z_index=&#8220;&#8220;][vc_column width=&#8220;1\/4&#8243;][vc_column_text]<\/p>\n<h5 style=\"text-align: center;\"><span style=\"color: #6b8574;\">Gmeiner Chocolatier<br \/>\n<\/span><\/h5>\n<h5 style=\"text-align: center;\"><span style=\"color: #6b8574;\">\u00a0<\/span><\/h5>\n<h5 style=\"text-align: center;\"><\/h5>\n<p>[\/vc_column_text][vc_empty_space][\/vc_column][vc_column width=&#8220;1\/4&#8243;][vc_column_text]<\/p>\n<h5 style=\"text-align: center;\"><span style=\"color: #6b8574;\">Deligreece<\/span><\/h5>\n<p>[\/vc_column_text][vc_empty_space][\/vc_column][vc_column width=&#8220;1\/4&#8243;][vc_column_text]<\/p>\n<h5 style=\"text-align: center;\"><span style=\"color: #6b8574;\">Costuluto Gin<\/span><\/h5>\n<h5 style=\"text-align: center;\"><\/h5>\n<p>[\/vc_column_text][vc_empty_space][\/vc_column][vc_column width=&#8220;1\/4&#8243;][vc_column_text]<\/p>\n<h5 style=\"text-align: center;\"><span style=\"color: #6b8574;\">Kaffee Brewda<\/span><\/h5>\n<h5 style=\"text-align: center;\"><\/h5>\n<p>[\/vc_column_text][vc_empty_space][\/vc_column][vc_column][\/vc_column][vc_column][\/vc_column][\/vc_row][vc_row css_animation=&#8220;&#8220; row_type=&#8220;row&#8220; use_row_as_full_screen_section=&#8220;no&#8220; type=&#8220;full_width&#8220; angled_section=&#8220;no&#8220; text_align=&#8220;left&#8220; background_image_as_pattern=&#8220;without_pattern&#8220; anchor=&#8220;gallery&#8220; css=&#8220;.vc_custom_1708354292311{padding-right: 50px !important;padding-left: 50px !important;background-color: rgba(115,163,99,0.33) !important;*background-color: rgb(115,163,99) !important;}&#8220; z_index=&#8220;&#8220;][vc_column width=&#8220;1\/4&#8243;][vc_column_text]<\/p>\n<h5 style=\"text-align: center;\"><span style=\"color: #f7e8e1;\"><span style=\"color: #6b8574;\">Aqua Dulce<\/span><br \/>\n<\/span><\/h5>\n<h5 style=\"text-align: center;\"><span style=\"color: #ffeded;\">\u00a0<\/span><\/h5>\n<h5 style=\"text-align: center;\"><\/h5>\n<p>[\/vc_column_text][\/vc_column][vc_column width=&#8220;1\/4&#8243;][vc_column_text]<\/p>\n<h5 style=\"text-align: center;\"><span style=\"color: #6b8574;\">Jane K\u00f6nig<br \/>\n<\/span><\/h5>\n<p>[\/vc_column_text][\/vc_column][vc_column width=&#8220;1\/4&#8243;][\/vc_column][vc_column width=&#8220;1\/4&#8243;][\/vc_column][vc_column][\/vc_column][vc_column][\/vc_column][\/vc_row][vc_row css_animation=&#8220;&#8220; row_type=&#8220;row&#8220; use_row_as_full_screen_section=&#8220;no&#8220; type=&#8220;grid&#8220; angled_section=&#8220;no&#8220; text_align=&#8220;left&#8220; background_image_as_pattern=&#8220;without_pattern&#8220; padding_top=&#8220;54&#8243; padding_bottom=&#8220;58&#8243; css=&#8220;.vc_custom_1708354305524{background-color: rgba(115,163,99,0.33) !important;*background-color: rgb(115,163,99) !important;}&#8220; z_index=&#8220;&#8220;][vc_column][vc_gallery type=&#8220;image_grid&#8220; images=&#8220;15513,15514,15515,15516&#8243; img_size=&#8220;600&#215;600&#8243; column_number=&#8220;4&#8243; grayscale=&#8220;no&#8220; images_space=&#8220;gallery_with_space&#8220;][vc_row_inner row_type=&#8220;row&#8220; type=&#8220;full_width&#8220; text_align=&#8220;left&#8220; css_animation=&#8220;&#8220;][vc_column_inner][vc_empty_space][\/vc_column_inner][\/vc_row_inner][vc_column_text css=&#8220;.vc_custom_1774789329543{border-bottom-width: 20px !important;}&#8220;]<\/p>\n<h1 style=\"text-align: center;\"><span style=\"color: #9e6249;\">St\u00f6bern und Einkaufen in entspannter Atmosph\u00e4re bei Tante Sophie in St. Peter Ording.<br \/>\n<\/span><\/h1>\n<h2 style=\"text-align: center;\"><span style=\"color: #9e7d62;\">Und ab 4. April auch in SPO Dorf, Olsdorfer Stra\u00dfe 8<\/span><\/h2>\n<p>[\/vc_column_text][\/vc_column][\/vc_row][vc_row css_animation=&#8220;&#8220; row_type=&#8220;row&#8220; use_row_as_full_screen_section=&#8220;no&#8220; type=&#8220;grid&#8220; angled_section=&#8220;no&#8220; text_align=&#8220;left&#8220; background_image_as_pattern=&#8220;without_pattern&#8220; padding_top=&#8220;97&#8243; background_color=&#8220;#ffffff&#8220; css=&#8220;.vc_custom_1668522502902{background-color: #f9f2e0 !important;}&#8220; z_index=&#8220;&#8220;][vc_column width=&#8220;1\/2&#8243;][vc_row_inner row_type=&#8220;row&#8220; type=&#8220;full_width&#8220; text_align=&#8220;center&#8220; css_animation=&#8220;&#8220;][vc_column_inner][vc_separator type=&#8220;transparent&#8220; up=&#8220;10&#8243; down=&#8220;0&#8243;][vc_column_text]<\/p>\n<h2 style=\"text-align: center;\">Unsere Mode<\/h2>\n<p>[\/vc_column_text][vc_separator type=&#8220;small&#8220; position=&#8220;center&#8220; down=&#8220;38&#8243; up=&#8220;7&#8243;][vc_column_text]Mode ist mehr als nur Kleidung.<\/p>\n<p>Mode ist ein Gef\u00fchl.<\/p>\n<p>Wir f\u00fchren Mode von Herstellern, denen das Design, die Qualit\u00e4t der Stoffe sehr am Herzen liegt &#8211; genauso wie uns!<\/p>\n<p>Unsere Strickmode, bestehend aus Kaschmir und Yak,\u00a0 sorgt f\u00fcr wohlige W\u00e4me in k\u00fchleren Tagen.[\/vc_column_text][\/vc_column_inner][\/vc_row_inner][\/vc_column][vc_column width=&#8220;1\/2&#8243;][vc_single_image image=&#8220;15493&#8243; img_size=&#8220;400&#215;400&#8243; alignment=&#8220;center&#8220; style=&#8220;vc_box_circle&#8220; qode_css_animation=&#8220;element_from_right&#8220; transition_delay=&#8220;0.3&#8243;][vc_separator type=&#8220;transparent&#8220; up=&#8220;80&#8243; down=&#8220;8&#8243;][\/vc_column][\/vc_row][vc_row css_animation=&#8220;&#8220; row_type=&#8220;row&#8220; use_row_as_full_screen_section=&#8220;no&#8220; type=&#8220;full_width&#8220; angled_section=&#8220;no&#8220; text_align=&#8220;left&#8220; background_image_as_pattern=&#8220;without_pattern&#8220; z_index=&#8220;&#8220; css=&#8220;.vc_custom_1668522526950{background-color: #f9f2e0 !important;}&#8220;][vc_column width=&#8220;1\/2&#8243;][\/vc_column][vc_column width=&#8220;1\/2&#8243;][\/vc_column][\/vc_row][vc_row css_animation=&#8220;&#8220; row_type=&#8220;row&#8220; use_row_as_full_screen_section=&#8220;no&#8220; type=&#8220;grid&#8220; angled_section=&#8220;no&#8220; text_align=&#8220;left&#8220; background_image_as_pattern=&#8220;without_pattern&#8220; padding_top=&#8220;77&#8243; background_color=&#8220;#ffffff&#8220; padding_bottom=&#8220;48&#8243; z_index=&#8220;&#8220; css=&#8220;.vc_custom_1668522551459{background-color: #f9f2e0 !important;}&#8220;][vc_column width=&#8220;1\/2&#8243;][vc_row_inner row_type=&#8220;row&#8220; type=&#8220;full_width&#8220; text_align=&#8220;right&#8220; css_animation=&#8220;&#8220;][vc_column_inner][vc_single_image image=&#8220;15371&#8243; img_size=&#8220;400&#215;400&#8243; alignment=&#8220;center&#8220; style=&#8220;vc_box_circle&#8220; qode_css_animation=&#8220;element_from_left&#8220; transition_delay=&#8220;0.3&#8243;][vc_separator type=&#8220;transparent&#8220; up=&#8220;21&#8243; down=&#8220;0&#8243;][\/vc_column_inner][\/vc_row_inner][\/vc_column][vc_column width=&#8220;1\/2&#8243;][vc_column_text]<\/p>\n<h2 style=\"text-align: center;\">Delikatessen<\/h2>\n<p>[\/vc_column_text][vc_separator type=&#8220;small&#8220; position=&#8220;center&#8220; down=&#8220;38&#8243; up=&#8220;7&#8243;][vc_column_text]<\/p>\n<p style=\"text-align: left;\">Wir haben f\u00fcr Sie tolle Delikatessen im Sortiment.<\/p>\n<p style=\"text-align: left;\">Von bester Schokolade bis hin zu hochwertigen \u00d6len und Kaffee finden Sie bei uns Gutes f\u00fcr Ihre eigene K\u00fcche oder auch als nette Geschenkidee.<\/p>\n<p>[\/vc_column_text][vc_separator type=&#8220;transparent&#8220; up=&#8220;41&#8243; down=&#8220;0&#8243;][vc_separator type=&#8220;transparent&#8220; up=&#8220;59&#8243; down=&#8220;0&#8243;][\/vc_column][\/vc_row][vc_row css_animation=&#8220;&#8220; row_type=&#8220;row&#8220; use_row_as_full_screen_section=&#8220;no&#8220; type=&#8220;grid&#8220; angled_section=&#8220;no&#8220; text_align=&#8220;left&#8220; background_image_as_pattern=&#8220;without_pattern&#8220; padding_top=&#8220;97&#8243; background_color=&#8220;#ffffff&#8220; css=&#8220;.vc_custom_1668522578646{background-color: #f9f2e0 !important;}&#8220; z_index=&#8220;&#8220;][vc_column width=&#8220;1\/2&#8243;][vc_row_inner row_type=&#8220;row&#8220; type=&#8220;full_width&#8220; text_align=&#8220;center&#8220; css_animation=&#8220;&#8220;][vc_column_inner][vc_separator type=&#8220;transparent&#8220; up=&#8220;10&#8243; down=&#8220;0&#8243;][vc_column_text]<\/p>\n<h2 style=\"text-align: center;\">Unsere Wohnaccessoires<\/h2>\n<p>[\/vc_column_text][vc_separator type=&#8220;small&#8220; position=&#8220;center&#8220; down=&#8220;38&#8243; up=&#8220;7&#8243;][vc_column_text]Wohnen ist unser Zuhause &#8211; ein Ort, an dem wir uns wohlf\u00fchlen wollen.<\/p>\n<p>Bei uns entdecken Sie sch\u00f6nes Porzellan, Heimtextilien, Kerzen, Vasen in edlen Farbkombinationen. Toll als Geschenk, aber nat\u00fcrlich auch so sch\u00f6n, dass man es am liebsten selbst behalten m\u00f6chte.<\/p>\n<p>Wir beraten Sie gerne.[\/vc_column_text][vc_separator type=&#8220;transparent&#8220; up=&#8220;35&#8243; down=&#8220;0&#8243;][vc_separator type=&#8220;transparent&#8220; up=&#8220;80&#8243; down=&#8220;0&#8243;][\/vc_column_inner][\/vc_row_inner][\/vc_column][vc_column width=&#8220;1\/2&#8243;][vc_single_image image=&#8220;15396&#8243; img_size=&#8220;400&#215;400&#8243; alignment=&#8220;center&#8220; style=&#8220;vc_box_circle&#8220; qode_css_animation=&#8220;element_from_right&#8220; transition_delay=&#8220;0.3&#8243;][vc_separator type=&#8220;transparent&#8220; up=&#8220;80&#8243; down=&#8220;8&#8243;][\/vc_column][\/vc_row][vc_row css_animation=&#8220;&#8220; row_type=&#8220;row&#8220; use_row_as_full_screen_section=&#8220;no&#8220; type=&#8220;full_width&#8220; angled_section=&#8220;no&#8220; text_align=&#8220;left&#8220; background_image_as_pattern=&#8220;without_pattern&#8220; z_index=&#8220;&#8220; css=&#8220;.vc_custom_1668522697949{padding-right: 50px !important;padding-left: 50px !important;background-color: #f9f2e0 !important;}&#8220;][vc_column css=&#8220;.vc_custom_1651826959079{margin-bottom: 30px !important;}&#8220;][vc_column_text css=&#8220;.vc_custom_1740476279802{margin-top: 30px !important;margin-bottom: 30px !important;}&#8220;]<\/p>\n<h3 style=\"text-align: center;\"><span style=\"color: #4f8064;\">Kommen Sie uns gerne besuchen<br \/>\n<\/span><\/h3>\n<h3 style=\"text-align: center;\"><span style=\"color: #4f8064;\">\u00a0 Im Bad 10, <\/span><span style=\"color: #4f8064;\">25826 St. Peter Ording &#8211; dort steht die Inhaberin Meike Stender-K\u00fchl hinter ihrer Philosophie, dass Mode l\u00e4ssig und unkompliziert ist.<br \/>\n<\/span><\/h3>\n<h4><\/h4>\n<p>[\/vc_column_text][\/vc_column][\/vc_row]<\/p>\n<\/section>","protected":false},"excerpt":{"rendered":"<p>[vc_row css_animation=&#8220;&#8220; row_type=&#8220;row&#8220; use_row_as_full_screen_section=&#8220;no&#8220; type=&#8220;grid&#8220; angled_section=&#8220;no&#8220; text_align=&#8220;left&#8220; background_image_as_pattern=&#8220;without_pattern&#8220; padding_top=&#8220;87&#8243; padding_bottom=&#8220;34&#8243; background_color=&#8220;#ffffff&#8220; css=&#8220;.vc_custom_1708353267883{background-color: #e6f2d7 !important;}&#8220; z_index=&#8220;&#8220;][vc_column css=&#8220;.vc_custom_1708353289067{background-color: #e6f2d7 !important;}&#8220;][vc_column_text] Willkommen bei Tante Sophie &nbsp; Reinkommen, verweilen und mit einem guten Gef\u00fchl das Gesch\u00e4ft wieder verlassen &#8211; das ist mein gr\u00f6\u00dfter Wunsch f\u00fcr meine Kunden. In meinem&#8230;<\/p>\n","protected":false},"author":1,"featured_media":0,"parent":0,"menu_order":0,"comment_status":"open","ping_status":"open","template":"full_width.php","meta":{"footnotes":""},"class_list":["post-14468","page","type-page","status-publish","hentry"],"yoast_head":"<!-- This site is optimized with the Yoast SEO plugin v20.10 - https:\/\/yoast.com\/wordpress\/plugins\/seo\/ -->\n<title>Home - Tante Sophie SPO<\/title>\n<meta name=\"description\" content=\"In meinem Conceptstore Tante Sophie in St. Peter Ording ist jedes St\u00fcck liebevoll ausgesucht, farblich passend dekoriert und immer ein wenig besonders. Die Modelabels, die ich f\u00fchre, sind entweder nachhaltig oder zu sehr fairen Bedingungen hergestellt. St\u00f6bern Sie zwischen Mode, Wohnaccessoires und Delikatessen.\" \/>\n<meta name=\"robots\" content=\"index, follow, max-snippet:-1, max-image-preview:large, max-video-preview:-1\" \/>\n<link rel=\"canonical\" href=\"https:\/\/Tante-Sophie-SPO.de\/\" \/>\n<meta property=\"og:locale\" content=\"de_DE\" \/>\n<meta property=\"og:type\" content=\"article\" \/>\n<meta property=\"og:title\" content=\"Home - Tante Sophie SPO\" \/>\n<meta property=\"og:description\" content=\"In meinem Conceptstore Tante Sophie in St. Peter Ording ist jedes St\u00fcck liebevoll ausgesucht, farblich passend dekoriert und immer ein wenig besonders. Die Modelabels, die ich f\u00fchre, sind entweder nachhaltig oder zu sehr fairen Bedingungen hergestellt. St\u00f6bern Sie zwischen Mode, Wohnaccessoires und Delikatessen.\" \/>\n<meta property=\"og:url\" content=\"https:\/\/Tante-Sophie-SPO.de\/\" \/>\n<meta property=\"og:site_name\" content=\"Tante Sophie SPO\" \/>\n<meta property=\"article:modified_time\" content=\"2026-03-29T13:19:06+00:00\" \/>\n<meta name=\"twitter:card\" content=\"summary_large_image\" \/>\n<meta name=\"twitter:label1\" content=\"Gesch\u00e4tzte Lesezeit\" \/>\n\t<meta name=\"twitter:data1\" content=\"4\u00a0Minuten\" \/>\n<script type=\"application\/ld+json\" class=\"yoast-schema-graph\">{\"@context\":\"https:\/\/schema.org\",\"@graph\":[{\"@type\":\"WebPage\",\"@id\":\"https:\/\/Tante-Sophie-SPO.de\/\",\"url\":\"https:\/\/Tante-Sophie-SPO.de\/\",\"name\":\"Home - Tante Sophie SPO\",\"isPartOf\":{\"@id\":\"https:\/\/Tante-Sophie-SPO.de\/#website\"},\"datePublished\":\"2014-03-28T10:11:36+00:00\",\"dateModified\":\"2026-03-29T13:19:06+00:00\",\"description\":\"In meinem Conceptstore Tante Sophie in St. Peter Ording ist jedes St\u00fcck liebevoll ausgesucht, farblich passend dekoriert und immer ein wenig besonders. Die Modelabels, die ich f\u00fchre, sind entweder nachhaltig oder zu sehr fairen Bedingungen hergestellt. St\u00f6bern Sie zwischen Mode, Wohnaccessoires und Delikatessen.\",\"breadcrumb\":{\"@id\":\"https:\/\/Tante-Sophie-SPO.de\/#breadcrumb\"},\"inLanguage\":\"de\",\"potentialAction\":[{\"@type\":\"ReadAction\",\"target\":[\"https:\/\/Tante-Sophie-SPO.de\/\"]}]},{\"@type\":\"BreadcrumbList\",\"@id\":\"https:\/\/Tante-Sophie-SPO.de\/#breadcrumb\",\"itemListElement\":[{\"@type\":\"ListItem\",\"position\":1,\"name\":\"Startseite\",\"item\":\"https:\/\/Tante-Sophie-SPO.de\/\"},{\"@type\":\"ListItem\",\"position\":2,\"name\":\"Home\"}]},{\"@type\":\"WebSite\",\"@id\":\"https:\/\/Tante-Sophie-SPO.de\/#website\",\"url\":\"https:\/\/Tante-Sophie-SPO.de\/\",\"name\":\"Tante Sophie SPO\",\"description\":\"Mode und Dekoration in Sankt Peter Ording\",\"potentialAction\":[{\"@type\":\"SearchAction\",\"target\":{\"@type\":\"EntryPoint\",\"urlTemplate\":\"https:\/\/Tante-Sophie-SPO.de\/?s={search_term_string}\"},\"query-input\":\"required name=search_term_string\"}],\"inLanguage\":\"de\"}]}<\/script>\n<!-- \/ Yoast SEO plugin. -->","yoast_head_json":{"title":"Home - Tante Sophie SPO","description":"In meinem Conceptstore Tante Sophie in St. Peter Ording ist jedes St\u00fcck liebevoll ausgesucht, farblich passend dekoriert und immer ein wenig besonders. Die Modelabels, die ich f\u00fchre, sind entweder nachhaltig oder zu sehr fairen Bedingungen hergestellt. St\u00f6bern Sie zwischen Mode, Wohnaccessoires und Delikatessen.","robots":{"index":"index","follow":"follow","max-snippet":"max-snippet:-1","max-image-preview":"max-image-preview:large","max-video-preview":"max-video-preview:-1"},"canonical":"https:\/\/Tante-Sophie-SPO.de\/","og_locale":"de_DE","og_type":"article","og_title":"Home - Tante Sophie SPO","og_description":"In meinem Conceptstore Tante Sophie in St. Peter Ording ist jedes St\u00fcck liebevoll ausgesucht, farblich passend dekoriert und immer ein wenig besonders. Die Modelabels, die ich f\u00fchre, sind entweder nachhaltig oder zu sehr fairen Bedingungen hergestellt. St\u00f6bern Sie zwischen Mode, Wohnaccessoires und Delikatessen.","og_url":"https:\/\/Tante-Sophie-SPO.de\/","og_site_name":"Tante Sophie SPO","article_modified_time":"2026-03-29T13:19:06+00:00","twitter_card":"summary_large_image","twitter_misc":{"Gesch\u00e4tzte Lesezeit":"4\u00a0Minuten"},"schema":{"@context":"https:\/\/schema.org","@graph":[{"@type":"WebPage","@id":"https:\/\/Tante-Sophie-SPO.de\/","url":"https:\/\/Tante-Sophie-SPO.de\/","name":"Home - Tante Sophie SPO","isPartOf":{"@id":"https:\/\/Tante-Sophie-SPO.de\/#website"},"datePublished":"2014-03-28T10:11:36+00:00","dateModified":"2026-03-29T13:19:06+00:00","description":"In meinem Conceptstore Tante Sophie in St. Peter Ording ist jedes St\u00fcck liebevoll ausgesucht, farblich passend dekoriert und immer ein wenig besonders. Die Modelabels, die ich f\u00fchre, sind entweder nachhaltig oder zu sehr fairen Bedingungen hergestellt. St\u00f6bern Sie zwischen Mode, Wohnaccessoires und Delikatessen.","breadcrumb":{"@id":"https:\/\/Tante-Sophie-SPO.de\/#breadcrumb"},"inLanguage":"de","potentialAction":[{"@type":"ReadAction","target":["https:\/\/Tante-Sophie-SPO.de\/"]}]},{"@type":"BreadcrumbList","@id":"https:\/\/Tante-Sophie-SPO.de\/#breadcrumb","itemListElement":[{"@type":"ListItem","position":1,"name":"Startseite","item":"https:\/\/Tante-Sophie-SPO.de\/"},{"@type":"ListItem","position":2,"name":"Home"}]},{"@type":"WebSite","@id":"https:\/\/Tante-Sophie-SPO.de\/#website","url":"https:\/\/Tante-Sophie-SPO.de\/","name":"Tante Sophie SPO","description":"Mode und Dekoration in Sankt Peter Ording","potentialAction":[{"@type":"SearchAction","target":{"@type":"EntryPoint","urlTemplate":"https:\/\/Tante-Sophie-SPO.de\/?s={search_term_string}"},"query-input":"required name=search_term_string"}],"inLanguage":"de"}]}},"_links":{"self":[{"href":"https:\/\/Tante-Sophie-SPO.de\/index.php?rest_route=\/wp\/v2\/pages\/14468","targetHints":{"allow":["GET"]}}],"collection":[{"href":"https:\/\/Tante-Sophie-SPO.de\/index.php?rest_route=\/wp\/v2\/pages"}],"about":[{"href":"https:\/\/Tante-Sophie-SPO.de\/index.php?rest_route=\/wp\/v2\/types\/page"}],"author":[{"embeddable":true,"href":"https:\/\/Tante-Sophie-SPO.de\/index.php?rest_route=\/wp\/v2\/users\/1"}],"replies":[{"embeddable":true,"href":"https:\/\/Tante-Sophie-SPO.de\/index.php?rest_route=%2Fwp%2Fv2%2Fcomments&post=14468"}],"version-history":[{"count":80,"href":"https:\/\/Tante-Sophie-SPO.de\/index.php?rest_route=\/wp\/v2\/pages\/14468\/revisions"}],"predecessor-version":[{"id":15520,"href":"https:\/\/Tante-Sophie-SPO.de\/index.php?rest_route=\/wp\/v2\/pages\/14468\/revisions\/15520"}],"wp:attachment":[{"href":"https:\/\/Tante-Sophie-SPO.de\/index.php?rest_route=%2Fwp%2Fv2%2Fmedia&parent=14468"}],"curies":[{"name":"wp","href":"https:\/\/api.w.org\/{rel}","templated":true}]}}