{"id":15350,"date":"2022-11-15T14:35:33","date_gmt":"2022-11-15T13:35:33","guid":{"rendered":"https:\/\/TanteSophie-Garding.de\/?page_id=15350"},"modified":"2025-02-25T10:23:04","modified_gmt":"2025-02-25T09:23:04","slug":"impressum","status":"publish","type":"page","link":"https:\/\/Tante-Sophie-SPO.de\/?page_id=15350","title":{"rendered":"Impressum"},"content":{"rendered":"<h3>Impressum<\/h3>\n<h1><\/h1>\n<hr \/>\n<h4>Angaben gem\u00e4\u00df \u00a7 5 TMG:<\/h4>\n<h4>Tante Sophie &amp; Onkel August<\/h4>\n<p>Inhaber: Meike Stender-K\u00fchl<\/p>\n<p>Im Bad 10<\/p>\n<p>25826 Sankt Peter Ording<\/p>\n<p><strong>Telefon: <a href=\"http:\/\/+49 173 8222745\">+49 173 8222745<\/a><\/strong><\/p>\n<p><strong>Steuernummer: DE 281644229<\/strong><\/p>\n<p>&nbsp;<\/p>\n<h3>Quellenangaben f\u00fcr die verwendeten Bilder und Grafiken:<\/h3>\n<p>Meike Stender-K\u00fchl, ausschlie\u00dflich eigene Fotos<\/p>\n<hr \/>\n<div>\n<div>\n<p><strong>Hinweis auf EU-Streitschlichtung<\/strong><\/p>\n<p>Die Europ\u00e4ische Kommission stellt eine Plattform zur Online-Streitbeilegung (OS) bereit: <a href=\"http:\/\/ec.europa.eu\/consumers\/odr\">http:\/\/ec.europa.eu\/consumers\/odr<\/a><br \/>\nUnsere E-Mail-Adresse finden sie oben im Impressum.<\/p>\n<\/div>\n<p><strong>Quelle: eRecht24.de \u2013 Internetrecht von Rechtsanwalt S\u00f6ren Siebert\u00a0<\/strong><\/p>\n<p><strong><em><a href=\"http:\/\/www.e-recht24.de\/impressum-generator.html\" rel=\"nofollow\">http:\/\/www.e-recht24.de<\/a><\/em><\/strong><\/p>\n<\/div>\n<p>&nbsp;<\/p>\n","protected":false},"excerpt":{"rendered":"<p>Impressum Angaben gem\u00e4\u00df \u00a7 5 TMG: Tante Sophie &amp; Onkel August Inhaber: Meike Stender-K\u00fchl Im Bad 10 25826 Sankt Peter Ording Telefon: +49 173 8222745 Steuernummer: DE 281644229 &nbsp; Quellenangaben f\u00fcr die verwendeten Bilder und Grafiken: Meike Stender-K\u00fchl, ausschlie\u00dflich eigene Fotos Hinweis auf EU-Streitschlichtung Die&#8230;<\/p>\n","protected":false},"author":1,"featured_media":0,"parent":0,"menu_order":0,"comment_status":"closed","ping_status":"closed","template":"","meta":{"footnotes":""},"class_list":["post-15350","page","type-page","status-publish","hentry"],"yoast_head":"<!-- This site is optimized with the Yoast SEO plugin v20.10 - https:\/\/yoast.com\/wordpress\/plugins\/seo\/ -->\n<title>Impressum - Tante Sophie SPO<\/title>\n<meta name=\"robots\" content=\"index, follow, max-snippet:-1, max-image-preview:large, max-video-preview:-1\" \/>\n<link rel=\"canonical\" href=\"https:\/\/Tante-Sophie-SPO.de\/?page_id=15350\" \/>\n<meta property=\"og:locale\" content=\"de_DE\" \/>\n<meta property=\"og:type\" content=\"article\" \/>\n<meta property=\"og:title\" content=\"Impressum - Tante Sophie SPO\" \/>\n<meta property=\"og:description\" content=\"Impressum Angaben gem\u00e4\u00df \u00a7 5 TMG: Tante Sophie &amp; Onkel August Inhaber: Meike Stender-K\u00fchl Im Bad 10 25826 Sankt Peter Ording Telefon: +49 173 8222745 Steuernummer: DE 281644229 &nbsp; Quellenangaben f\u00fcr die verwendeten Bilder und Grafiken: Meike Stender-K\u00fchl, ausschlie\u00dflich eigene Fotos Hinweis auf EU-Streitschlichtung Die...\" \/>\n<meta property=\"og:url\" content=\"https:\/\/Tante-Sophie-SPO.de\/?page_id=15350\" \/>\n<meta property=\"og:site_name\" content=\"Tante Sophie SPO\" \/>\n<meta property=\"article:modified_time\" content=\"2025-02-25T09:23:04+00:00\" \/>\n<meta name=\"twitter:card\" content=\"summary_large_image\" \/>\n<meta name=\"twitter:label1\" content=\"Gesch\u00e4tzte Lesezeit\" \/>\n\t<meta name=\"twitter:data1\" content=\"1\u00a0Minute\" \/>\n<script type=\"application\/ld+json\" class=\"yoast-schema-graph\">{\"@context\":\"https:\/\/schema.org\",\"@graph\":[{\"@type\":\"WebPage\",\"@id\":\"https:\/\/Tante-Sophie-SPO.de\/?page_id=15350\",\"url\":\"https:\/\/Tante-Sophie-SPO.de\/?page_id=15350\",\"name\":\"Impressum - Tante Sophie SPO\",\"isPartOf\":{\"@id\":\"https:\/\/Tante-Sophie-SPO.de\/#website\"},\"datePublished\":\"2022-11-15T13:35:33+00:00\",\"dateModified\":\"2025-02-25T09:23:04+00:00\",\"breadcrumb\":{\"@id\":\"https:\/\/Tante-Sophie-SPO.de\/?page_id=15350#breadcrumb\"},\"inLanguage\":\"de\",\"potentialAction\":[{\"@type\":\"ReadAction\",\"target\":[\"https:\/\/Tante-Sophie-SPO.de\/?page_id=15350\"]}]},{\"@type\":\"BreadcrumbList\",\"@id\":\"https:\/\/Tante-Sophie-SPO.de\/?page_id=15350#breadcrumb\",\"itemListElement\":[{\"@type\":\"ListItem\",\"position\":1,\"name\":\"Startseite\",\"item\":\"https:\/\/Tante-Sophie-SPO.de\/\"},{\"@type\":\"ListItem\",\"position\":2,\"name\":\"Impressum\"}]},{\"@type\":\"WebSite\",\"@id\":\"https:\/\/Tante-Sophie-SPO.de\/#website\",\"url\":\"https:\/\/Tante-Sophie-SPO.de\/\",\"name\":\"Tante Sophie SPO\",\"description\":\"Mode und Dekoration in Sankt Peter Ording\",\"potentialAction\":[{\"@type\":\"SearchAction\",\"target\":{\"@type\":\"EntryPoint\",\"urlTemplate\":\"https:\/\/Tante-Sophie-SPO.de\/?s={search_term_string}\"},\"query-input\":\"required name=search_term_string\"}],\"inLanguage\":\"de\"}]}<\/script>\n<!-- \/ Yoast SEO plugin. -->","yoast_head_json":{"title":"Impressum - Tante Sophie SPO","robots":{"index":"index","follow":"follow","max-snippet":"max-snippet:-1","max-image-preview":"max-image-preview:large","max-video-preview":"max-video-preview:-1"},"canonical":"https:\/\/Tante-Sophie-SPO.de\/?page_id=15350","og_locale":"de_DE","og_type":"article","og_title":"Impressum - Tante Sophie SPO","og_description":"Impressum Angaben gem\u00e4\u00df \u00a7 5 TMG: Tante Sophie &amp; Onkel August Inhaber: Meike Stender-K\u00fchl Im Bad 10 25826 Sankt Peter Ording Telefon: +49 173 8222745 Steuernummer: DE 281644229 &nbsp; Quellenangaben f\u00fcr die verwendeten Bilder und Grafiken: Meike Stender-K\u00fchl, ausschlie\u00dflich eigene Fotos Hinweis auf EU-Streitschlichtung Die...","og_url":"https:\/\/Tante-Sophie-SPO.de\/?page_id=15350","og_site_name":"Tante Sophie SPO","article_modified_time":"2025-02-25T09:23:04+00:00","twitter_card":"summary_large_image","twitter_misc":{"Gesch\u00e4tzte Lesezeit":"1\u00a0Minute"},"schema":{"@context":"https:\/\/schema.org","@graph":[{"@type":"WebPage","@id":"https:\/\/Tante-Sophie-SPO.de\/?page_id=15350","url":"https:\/\/Tante-Sophie-SPO.de\/?page_id=15350","name":"Impressum - Tante Sophie SPO","isPartOf":{"@id":"https:\/\/Tante-Sophie-SPO.de\/#website"},"datePublished":"2022-11-15T13:35:33+00:00","dateModified":"2025-02-25T09:23:04+00:00","breadcrumb":{"@id":"https:\/\/Tante-Sophie-SPO.de\/?page_id=15350#breadcrumb"},"inLanguage":"de","potentialAction":[{"@type":"ReadAction","target":["https:\/\/Tante-Sophie-SPO.de\/?page_id=15350"]}]},{"@type":"BreadcrumbList","@id":"https:\/\/Tante-Sophie-SPO.de\/?page_id=15350#breadcrumb","itemListElement":[{"@type":"ListItem","position":1,"name":"Startseite","item":"https:\/\/Tante-Sophie-SPO.de\/"},{"@type":"ListItem","position":2,"name":"Impressum"}]},{"@type":"WebSite","@id":"https:\/\/Tante-Sophie-SPO.de\/#website","url":"https:\/\/Tante-Sophie-SPO.de\/","name":"Tante Sophie SPO","description":"Mode und Dekoration in Sankt Peter Ording","potentialAction":[{"@type":"SearchAction","target":{"@type":"EntryPoint","urlTemplate":"https:\/\/Tante-Sophie-SPO.de\/?s={search_term_string}"},"query-input":"required name=search_term_string"}],"inLanguage":"de"}]}},"_links":{"self":[{"href":"https:\/\/Tante-Sophie-SPO.de\/index.php?rest_route=\/wp\/v2\/pages\/15350","targetHints":{"allow":["GET"]}}],"collection":[{"href":"https:\/\/Tante-Sophie-SPO.de\/index.php?rest_route=\/wp\/v2\/pages"}],"about":[{"href":"https:\/\/Tante-Sophie-SPO.de\/index.php?rest_route=\/wp\/v2\/types\/page"}],"author":[{"embeddable":true,"href":"https:\/\/Tante-Sophie-SPO.de\/index.php?rest_route=\/wp\/v2\/users\/1"}],"replies":[{"embeddable":true,"href":"https:\/\/Tante-Sophie-SPO.de\/index.php?rest_route=%2Fwp%2Fv2%2Fcomments&post=15350"}],"version-history":[{"count":4,"href":"https:\/\/Tante-Sophie-SPO.de\/index.php?rest_route=\/wp\/v2\/pages\/15350\/revisions"}],"predecessor-version":[{"id":15500,"href":"https:\/\/Tante-Sophie-SPO.de\/index.php?rest_route=\/wp\/v2\/pages\/15350\/revisions\/15500"}],"wp:attachment":[{"href":"https:\/\/Tante-Sophie-SPO.de\/index.php?rest_route=%2Fwp%2Fv2%2Fmedia&parent=15350"}],"curies":[{"name":"wp","href":"https:\/\/api.w.org\/{rel}","templated":true}]}}